{"id":57651,"date":"2022-12-26T16:24:31","date_gmt":"2022-12-26T16:24:31","guid":{"rendered":"https:\/\/rentdev.vinnugrunnur.is\/rent\/"},"modified":"2025-08-14T22:42:21","modified_gmt":"2025-08-14T22:42:21","slug":"rent","status":"publish","type":"page","link":"https:\/\/rentdev.vinnugrunnur.is\/fr\/","title":{"rendered":"Rent"},"content":{"rendered":"","protected":false},"excerpt":{"rendered":"","protected":false},"author":1,"featured_media":0,"parent":0,"menu_order":0,"comment_status":"closed","ping_status":"closed","template":"","meta":{"_acf_changed":false,"footnotes":""},"class_list":["post-57651","page","type-page","status-publish","hentry"],"acf":[],"yoast_head":"<!-- This site is optimized with the Yoast SEO plugin v26.3 - https:\/\/yoast.com\/wordpress\/plugins\/seo\/ -->\n<title>Camper Van Islande - Louez un camping-car, un camping-car<\/title>\n<meta name=\"description\" content=\"Vous cherchez \u00e0 louer un camping-car \u00e0 Reykjavik, en Islande ? Nous louons des camping-cars, des camping-cars et des camping-cars pour vous aider \u00e0 explorer l&#039;Islande avec style. \u2713 R\u00e9servez votre aventure d\u00e8s aujourd&#039;hui\u00a0!\" \/>\n<meta name=\"robots\" content=\"noindex, follow, max-snippet:-1, max-image-preview:large, max-video-preview:-1\" \/>\n<meta property=\"og:locale\" content=\"fr_FR\" \/>\n<meta property=\"og:type\" content=\"article\" \/>\n<meta property=\"og:title\" content=\"Camper Van Islande - Louez un camping-car, un camping-car\" \/>\n<meta property=\"og:description\" content=\"Vous cherchez \u00e0 louer un camping-car \u00e0 Reykjavik, en Islande ? Nous louons des camping-cars, des camping-cars et des camping-cars pour vous aider \u00e0 explorer l&#039;Islande avec style. \u2713 R\u00e9servez votre aventure d\u00e8s aujourd&#039;hui\u00a0!\" \/>\n<meta property=\"og:url\" content=\"https:\/\/rentdev.vinnugrunnur.is\/fr\/\" \/>\n<meta property=\"og:site_name\" content=\"Rent.is\" \/>\n<meta property=\"article:publisher\" content=\"https:\/\/www.facebook.com\/campervansIceland\/\" \/>\n<meta property=\"article:modified_time\" content=\"2025-08-14T22:42:21+00:00\" \/>\n<meta property=\"og:image\" content=\"https:\/\/rentdev.vinnugrunnur.is\/wp-content\/uploads\/2023\/11\/Social-share-01.jpg\" \/>\n\t<meta property=\"og:image:width\" content=\"1200\" \/>\n\t<meta property=\"og:image:height\" content=\"675\" \/>\n\t<meta property=\"og:image:type\" content=\"image\/jpeg\" \/>\n<meta name=\"twitter:card\" content=\"summary_large_image\" \/>\n<meta name=\"twitter:site\" content=\"@CampersIceland\" \/>\n<script type=\"application\/ld+json\" class=\"yoast-schema-graph\">{\"@context\":\"https:\/\/schema.org\",\"@graph\":[{\"@type\":\"WebPage\",\"@id\":\"https:\/\/rentdev.vinnugrunnur.is\/fr\/\",\"url\":\"https:\/\/rentdev.vinnugrunnur.is\/fr\/\",\"name\":\"Camper Van Islande - Louez un camping-car, un camping-car\",\"isPartOf\":{\"@id\":\"https:\/\/rentdev.vinnugrunnur.is\/fr\/#website\"},\"datePublished\":\"2022-12-26T16:24:31+00:00\",\"dateModified\":\"2025-08-14T22:42:21+00:00\",\"description\":\"Vous cherchez \u00e0 louer un camping-car \u00e0 Reykjavik, en Islande ? Nous louons des camping-cars, des camping-cars et des camping-cars pour vous aider \u00e0 explorer l'Islande avec style. \u2713 R\u00e9servez votre aventure d\u00e8s aujourd'hui\u00a0!\",\"inLanguage\":\"fr-FR\",\"potentialAction\":[{\"@type\":\"ReadAction\",\"target\":[\"https:\/\/rentdev.vinnugrunnur.is\/fr\/\"]}]},{\"@type\":\"WebSite\",\"@id\":\"https:\/\/rentdev.vinnugrunnur.is\/fr\/#website\",\"url\":\"https:\/\/rentdev.vinnugrunnur.is\/fr\/\",\"name\":\"Rent.is\",\"description\":\"Camper Van Iceland - Rent a camper, RV, or Motorhome\",\"publisher\":{\"@id\":\"https:\/\/rentdev.vinnugrunnur.is\/fr\/#organization\"},\"alternateName\":\"Rent\",\"potentialAction\":[{\"@type\":\"SearchAction\",\"target\":{\"@type\":\"EntryPoint\",\"urlTemplate\":\"https:\/\/rentdev.vinnugrunnur.is\/fr\/?s={search_term_string}\"},\"query-input\":{\"@type\":\"PropertyValueSpecification\",\"valueRequired\":true,\"valueName\":\"search_term_string\"}}],\"inLanguage\":\"fr-FR\"},{\"@type\":\"Organization\",\"@id\":\"https:\/\/rentdev.vinnugrunnur.is\/fr\/#organization\",\"name\":\"Rent\",\"alternateName\":\"Rent Campervan Iceland\",\"url\":\"https:\/\/rentdev.vinnugrunnur.is\/fr\/\",\"logo\":{\"@type\":\"ImageObject\",\"inLanguage\":\"fr-FR\",\"@id\":\"https:\/\/rentdev.vinnugrunnur.is\/fr\/#\/schema\/logo\/image\/\",\"url\":\"https:\/\/rentdev.vinnugrunnur.is\/wp-content\/uploads\/2023\/06\/Rent-logo__blue.svg\",\"contentUrl\":\"https:\/\/rentdev.vinnugrunnur.is\/wp-content\/uploads\/2023\/06\/Rent-logo__blue.svg\",\"caption\":\"Rent\"},\"image\":{\"@id\":\"https:\/\/rentdev.vinnugrunnur.is\/fr\/#\/schema\/logo\/image\/\"},\"sameAs\":[\"https:\/\/www.facebook.com\/campervansIceland\/\",\"https:\/\/x.com\/CampersIceland\"]}]}<\/script>\n<!-- \/ Yoast SEO plugin. -->","yoast_head_json":{"title":"Camper Van Islande - Louez un camping-car, un camping-car","description":"Vous cherchez \u00e0 louer un camping-car \u00e0 Reykjavik, en Islande ? Nous louons des camping-cars, des camping-cars et des camping-cars pour vous aider \u00e0 explorer l'Islande avec style. \u2713 R\u00e9servez votre aventure d\u00e8s aujourd'hui\u00a0!","robots":{"index":"noindex","follow":"follow","max-snippet":"max-snippet:-1","max-image-preview":"max-image-preview:large","max-video-preview":"max-video-preview:-1"},"og_locale":"fr_FR","og_type":"article","og_title":"Camper Van Islande - Louez un camping-car, un camping-car","og_description":"Vous cherchez \u00e0 louer un camping-car \u00e0 Reykjavik, en Islande ? Nous louons des camping-cars, des camping-cars et des camping-cars pour vous aider \u00e0 explorer l'Islande avec style. \u2713 R\u00e9servez votre aventure d\u00e8s aujourd'hui\u00a0!","og_url":"https:\/\/rentdev.vinnugrunnur.is\/fr\/","og_site_name":"Rent.is","article_publisher":"https:\/\/www.facebook.com\/campervansIceland\/","article_modified_time":"2025-08-14T22:42:21+00:00","og_image":[{"width":1200,"height":675,"url":"https:\/\/rentdev.vinnugrunnur.is\/wp-content\/uploads\/2023\/11\/Social-share-01.jpg","type":"image\/jpeg"}],"twitter_card":"summary_large_image","twitter_site":"@CampersIceland","schema":{"@context":"https:\/\/schema.org","@graph":[{"@type":"WebPage","@id":"https:\/\/rentdev.vinnugrunnur.is\/fr\/","url":"https:\/\/rentdev.vinnugrunnur.is\/fr\/","name":"Camper Van Islande - Louez un camping-car, un camping-car","isPartOf":{"@id":"https:\/\/rentdev.vinnugrunnur.is\/fr\/#website"},"datePublished":"2022-12-26T16:24:31+00:00","dateModified":"2025-08-14T22:42:21+00:00","description":"Vous cherchez \u00e0 louer un camping-car \u00e0 Reykjavik, en Islande ? Nous louons des camping-cars, des camping-cars et des camping-cars pour vous aider \u00e0 explorer l'Islande avec style. \u2713 R\u00e9servez votre aventure d\u00e8s aujourd'hui\u00a0!","inLanguage":"fr-FR","potentialAction":[{"@type":"ReadAction","target":["https:\/\/rentdev.vinnugrunnur.is\/fr\/"]}]},{"@type":"WebSite","@id":"https:\/\/rentdev.vinnugrunnur.is\/fr\/#website","url":"https:\/\/rentdev.vinnugrunnur.is\/fr\/","name":"Rent.is","description":"Camper Van Iceland - Rent a camper, RV, or Motorhome","publisher":{"@id":"https:\/\/rentdev.vinnugrunnur.is\/fr\/#organization"},"alternateName":"Rent","potentialAction":[{"@type":"SearchAction","target":{"@type":"EntryPoint","urlTemplate":"https:\/\/rentdev.vinnugrunnur.is\/fr\/?s={search_term_string}"},"query-input":{"@type":"PropertyValueSpecification","valueRequired":true,"valueName":"search_term_string"}}],"inLanguage":"fr-FR"},{"@type":"Organization","@id":"https:\/\/rentdev.vinnugrunnur.is\/fr\/#organization","name":"Rent","alternateName":"Rent Campervan Iceland","url":"https:\/\/rentdev.vinnugrunnur.is\/fr\/","logo":{"@type":"ImageObject","inLanguage":"fr-FR","@id":"https:\/\/rentdev.vinnugrunnur.is\/fr\/#\/schema\/logo\/image\/","url":"https:\/\/rentdev.vinnugrunnur.is\/wp-content\/uploads\/2023\/06\/Rent-logo__blue.svg","contentUrl":"https:\/\/rentdev.vinnugrunnur.is\/wp-content\/uploads\/2023\/06\/Rent-logo__blue.svg","caption":"Rent"},"image":{"@id":"https:\/\/rentdev.vinnugrunnur.is\/fr\/#\/schema\/logo\/image\/"},"sameAs":["https:\/\/www.facebook.com\/campervansIceland\/","https:\/\/x.com\/CampersIceland"]}]}},"_links":{"self":[{"href":"https:\/\/rentdev.vinnugrunnur.is\/fr\/wp-json\/wp\/v2\/pages\/57651","targetHints":{"allow":["GET"]}}],"collection":[{"href":"https:\/\/rentdev.vinnugrunnur.is\/fr\/wp-json\/wp\/v2\/pages"}],"about":[{"href":"https:\/\/rentdev.vinnugrunnur.is\/fr\/wp-json\/wp\/v2\/types\/page"}],"author":[{"embeddable":true,"href":"https:\/\/rentdev.vinnugrunnur.is\/fr\/wp-json\/wp\/v2\/users\/1"}],"replies":[{"embeddable":true,"href":"https:\/\/rentdev.vinnugrunnur.is\/fr\/wp-json\/wp\/v2\/comments?post=57651"}],"version-history":[{"count":2,"href":"https:\/\/rentdev.vinnugrunnur.is\/fr\/wp-json\/wp\/v2\/pages\/57651\/revisions"}],"predecessor-version":[{"id":66505,"href":"https:\/\/rentdev.vinnugrunnur.is\/fr\/wp-json\/wp\/v2\/pages\/57651\/revisions\/66505"}],"wp:attachment":[{"href":"https:\/\/rentdev.vinnugrunnur.is\/fr\/wp-json\/wp\/v2\/media?parent=57651"}],"curies":[{"name":"wp","href":"https:\/\/api.w.org\/{rel}","templated":true}]}}