{"id":57704,"date":"2023-04-25T09:15:59","date_gmt":"2023-04-25T09:15:59","guid":{"rendered":"https:\/\/rentdev.vinnugrunnur.is\/winter-rentals\/"},"modified":"2024-09-06T13:15:04","modified_gmt":"2024-09-06T13:15:04","slug":"alquileres-de-invierno","status":"publish","type":"page","link":"https:\/\/rentdev.vinnugrunnur.is\/es\/alquileres-de-invierno\/","title":{"rendered":"Alquileres de invierno"},"content":{"rendered":"","protected":false},"excerpt":{"rendered":"","protected":false},"author":2,"featured_media":0,"parent":0,"menu_order":0,"comment_status":"closed","ping_status":"closed","template":"","meta":{"_acf_changed":false,"footnotes":""},"class_list":["post-57704","page","type-page","status-publish","hentry"],"acf":[],"yoast_head":"<!-- This site is optimized with the Yoast SEO plugin v26.3 - https:\/\/yoast.com\/wordpress\/plugins\/seo\/ -->\n<title>Alquileres de invierno | Rent.is<\/title>\n<meta name=\"description\" content=\"Una pregunta que recibimos repetidamente es: \u00bfSe puede utilizar la furgoneta camper durante el invierno? \u00a1S\u00ed! ,Absolutamente. Todos nuestros Campers est\u00e1n equipados para el invierno island\u00e9s.\" \/>\n<meta name=\"robots\" content=\"noindex, nofollow\" \/>\n<meta property=\"og:locale\" content=\"es_ES\" \/>\n<meta property=\"og:type\" content=\"article\" \/>\n<meta property=\"og:title\" content=\"Alquileres de invierno | Rent.is\" \/>\n<meta property=\"og:description\" content=\"Una pregunta que recibimos repetidamente es: \u00bfSe puede utilizar la furgoneta camper durante el invierno? \u00a1S\u00ed! ,Absolutamente. Todos nuestros Campers est\u00e1n equipados para el invierno island\u00e9s.\" \/>\n<meta property=\"og:url\" content=\"https:\/\/rentdev.vinnugrunnur.is\/es\/alquileres-de-invierno\/\" \/>\n<meta property=\"og:site_name\" content=\"Rent.is\" \/>\n<meta property=\"article:publisher\" content=\"https:\/\/www.facebook.com\/campervansIceland\/\" \/>\n<meta property=\"article:modified_time\" content=\"2024-09-06T13:15:04+00:00\" \/>\n<meta property=\"og:image\" content=\"https:\/\/rentdev.vinnugrunnur.is\/wp-content\/uploads\/2023\/11\/Social-share-01.jpg\" \/>\n\t<meta property=\"og:image:width\" content=\"1200\" \/>\n\t<meta property=\"og:image:height\" content=\"675\" \/>\n\t<meta property=\"og:image:type\" content=\"image\/jpeg\" \/>\n<meta name=\"twitter:card\" content=\"summary_large_image\" \/>\n<meta name=\"twitter:site\" content=\"@CampersIceland\" \/>\n<script type=\"application\/ld+json\" class=\"yoast-schema-graph\">{\"@context\":\"https:\/\/schema.org\",\"@graph\":[{\"@type\":\"WebPage\",\"@id\":\"https:\/\/rentdev.vinnugrunnur.is\/es\/alquileres-de-invierno\/\",\"url\":\"https:\/\/rentdev.vinnugrunnur.is\/es\/alquileres-de-invierno\/\",\"name\":\"Alquileres de invierno | Rent.is\",\"isPartOf\":{\"@id\":\"https:\/\/rentdev.vinnugrunnur.is\/es\/#website\"},\"datePublished\":\"2023-04-25T09:15:59+00:00\",\"dateModified\":\"2024-09-06T13:15:04+00:00\",\"description\":\"Una pregunta que recibimos repetidamente es: \u00bfSe puede utilizar la furgoneta camper durante el invierno? \u00a1S\u00ed! ,Absolutamente. Todos nuestros Campers est\u00e1n equipados para el invierno island\u00e9s.\",\"inLanguage\":\"es\",\"potentialAction\":[{\"@type\":\"ReadAction\",\"target\":[\"https:\/\/rentdev.vinnugrunnur.is\/es\/alquileres-de-invierno\/\"]}]},{\"@type\":\"WebSite\",\"@id\":\"https:\/\/rentdev.vinnugrunnur.is\/es\/#website\",\"url\":\"https:\/\/rentdev.vinnugrunnur.is\/es\/\",\"name\":\"Rent.is\",\"description\":\"Camper Van Iceland - Rent a camper, RV, or Motorhome\",\"publisher\":{\"@id\":\"https:\/\/rentdev.vinnugrunnur.is\/es\/#organization\"},\"alternateName\":\"Rent\",\"potentialAction\":[{\"@type\":\"SearchAction\",\"target\":{\"@type\":\"EntryPoint\",\"urlTemplate\":\"https:\/\/rentdev.vinnugrunnur.is\/es\/?s={search_term_string}\"},\"query-input\":{\"@type\":\"PropertyValueSpecification\",\"valueRequired\":true,\"valueName\":\"search_term_string\"}}],\"inLanguage\":\"es\"},{\"@type\":\"Organization\",\"@id\":\"https:\/\/rentdev.vinnugrunnur.is\/es\/#organization\",\"name\":\"Rent\",\"alternateName\":\"Rent Campervan Iceland\",\"url\":\"https:\/\/rentdev.vinnugrunnur.is\/es\/\",\"logo\":{\"@type\":\"ImageObject\",\"inLanguage\":\"es\",\"@id\":\"https:\/\/rentdev.vinnugrunnur.is\/es\/#\/schema\/logo\/image\/\",\"url\":\"https:\/\/rentdev.vinnugrunnur.is\/wp-content\/uploads\/2023\/06\/Rent-logo__blue.svg\",\"contentUrl\":\"https:\/\/rentdev.vinnugrunnur.is\/wp-content\/uploads\/2023\/06\/Rent-logo__blue.svg\",\"caption\":\"Rent\"},\"image\":{\"@id\":\"https:\/\/rentdev.vinnugrunnur.is\/es\/#\/schema\/logo\/image\/\"},\"sameAs\":[\"https:\/\/www.facebook.com\/campervansIceland\/\",\"https:\/\/x.com\/CampersIceland\"]}]}<\/script>\n<!-- \/ Yoast SEO plugin. -->","yoast_head_json":{"title":"Alquileres de invierno | Rent.is","description":"Una pregunta que recibimos repetidamente es: \u00bfSe puede utilizar la furgoneta camper durante el invierno? \u00a1S\u00ed! ,Absolutamente. Todos nuestros Campers est\u00e1n equipados para el invierno island\u00e9s.","robots":{"index":"noindex","follow":"nofollow"},"og_locale":"es_ES","og_type":"article","og_title":"Alquileres de invierno | Rent.is","og_description":"Una pregunta que recibimos repetidamente es: \u00bfSe puede utilizar la furgoneta camper durante el invierno? \u00a1S\u00ed! ,Absolutamente. Todos nuestros Campers est\u00e1n equipados para el invierno island\u00e9s.","og_url":"https:\/\/rentdev.vinnugrunnur.is\/es\/alquileres-de-invierno\/","og_site_name":"Rent.is","article_publisher":"https:\/\/www.facebook.com\/campervansIceland\/","article_modified_time":"2024-09-06T13:15:04+00:00","og_image":[{"width":1200,"height":675,"url":"https:\/\/rentdev.vinnugrunnur.is\/wp-content\/uploads\/2023\/11\/Social-share-01.jpg","type":"image\/jpeg"}],"twitter_card":"summary_large_image","twitter_site":"@CampersIceland","schema":{"@context":"https:\/\/schema.org","@graph":[{"@type":"WebPage","@id":"https:\/\/rentdev.vinnugrunnur.is\/es\/alquileres-de-invierno\/","url":"https:\/\/rentdev.vinnugrunnur.is\/es\/alquileres-de-invierno\/","name":"Alquileres de invierno | Rent.is","isPartOf":{"@id":"https:\/\/rentdev.vinnugrunnur.is\/es\/#website"},"datePublished":"2023-04-25T09:15:59+00:00","dateModified":"2024-09-06T13:15:04+00:00","description":"Una pregunta que recibimos repetidamente es: \u00bfSe puede utilizar la furgoneta camper durante el invierno? \u00a1S\u00ed! ,Absolutamente. Todos nuestros Campers est\u00e1n equipados para el invierno island\u00e9s.","inLanguage":"es","potentialAction":[{"@type":"ReadAction","target":["https:\/\/rentdev.vinnugrunnur.is\/es\/alquileres-de-invierno\/"]}]},{"@type":"WebSite","@id":"https:\/\/rentdev.vinnugrunnur.is\/es\/#website","url":"https:\/\/rentdev.vinnugrunnur.is\/es\/","name":"Rent.is","description":"Camper Van Iceland - Rent a camper, RV, or Motorhome","publisher":{"@id":"https:\/\/rentdev.vinnugrunnur.is\/es\/#organization"},"alternateName":"Rent","potentialAction":[{"@type":"SearchAction","target":{"@type":"EntryPoint","urlTemplate":"https:\/\/rentdev.vinnugrunnur.is\/es\/?s={search_term_string}"},"query-input":{"@type":"PropertyValueSpecification","valueRequired":true,"valueName":"search_term_string"}}],"inLanguage":"es"},{"@type":"Organization","@id":"https:\/\/rentdev.vinnugrunnur.is\/es\/#organization","name":"Rent","alternateName":"Rent Campervan Iceland","url":"https:\/\/rentdev.vinnugrunnur.is\/es\/","logo":{"@type":"ImageObject","inLanguage":"es","@id":"https:\/\/rentdev.vinnugrunnur.is\/es\/#\/schema\/logo\/image\/","url":"https:\/\/rentdev.vinnugrunnur.is\/wp-content\/uploads\/2023\/06\/Rent-logo__blue.svg","contentUrl":"https:\/\/rentdev.vinnugrunnur.is\/wp-content\/uploads\/2023\/06\/Rent-logo__blue.svg","caption":"Rent"},"image":{"@id":"https:\/\/rentdev.vinnugrunnur.is\/es\/#\/schema\/logo\/image\/"},"sameAs":["https:\/\/www.facebook.com\/campervansIceland\/","https:\/\/x.com\/CampersIceland"]}]}},"_links":{"self":[{"href":"https:\/\/rentdev.vinnugrunnur.is\/es\/wp-json\/wp\/v2\/pages\/57704","targetHints":{"allow":["GET"]}}],"collection":[{"href":"https:\/\/rentdev.vinnugrunnur.is\/es\/wp-json\/wp\/v2\/pages"}],"about":[{"href":"https:\/\/rentdev.vinnugrunnur.is\/es\/wp-json\/wp\/v2\/types\/page"}],"author":[{"embeddable":true,"href":"https:\/\/rentdev.vinnugrunnur.is\/es\/wp-json\/wp\/v2\/users\/2"}],"replies":[{"embeddable":true,"href":"https:\/\/rentdev.vinnugrunnur.is\/es\/wp-json\/wp\/v2\/comments?post=57704"}],"version-history":[{"count":0,"href":"https:\/\/rentdev.vinnugrunnur.is\/es\/wp-json\/wp\/v2\/pages\/57704\/revisions"}],"wp:attachment":[{"href":"https:\/\/rentdev.vinnugrunnur.is\/es\/wp-json\/wp\/v2\/media?parent=57704"}],"curies":[{"name":"wp","href":"https:\/\/api.w.org\/{rel}","templated":true}]}}